{"id":71,"date":"2024-10-08T06:39:08","date_gmt":"2024-10-08T06:39:08","guid":{"rendered":"http:\/\/xcare-demo.pbminfotech.com\/demo13\/?page_id=1257"},"modified":"2025-05-07T19:08:30","modified_gmt":"2025-05-07T17:08:30","slug":"about-us-2","status":"publish","type":"page","link":"https:\/\/sinoweidental.com\/en_gb\/about-us-2\/","title":{"rendered":"About us"},"content":{"rendered":"<div data-elementor-type=\"wp-page\" data-elementor-id=\"71\" class=\"elementor elementor-71\" data-elementor-post-type=\"page\">\n\t\t\t\t\t\t<section class=\"elementor-section elementor-top-section elementor-element elementor-element-4397ba5 pbmit-bg-color-yes pbmit-elementor-bg-color-light elementor-section-stretched elementor-section-content-middle pbmit-col-stretched-none pbmit-bg-color-over-image elementor-section-boxed elementor-section-height-default elementor-section-height-default\" data-id=\"4397ba5\" data-element_type=\"section\" data-e-type=\"section\" data-settings=\"{&quot;stretch_section&quot;:&quot;section-stretched&quot;}\">\n\t\t\t\t\t\t<div class=\"elementor-container elementor-column-gap-no\">\n\t\t\t\t\t<div class=\"elementor-column elementor-col-50 elementor-top-column elementor-element elementor-element-b3cad8c pbmit-bg-color-over-image\" data-id=\"b3cad8c\" data-element_type=\"column\" data-e-type=\"column\" data-settings=\"{&quot;background_background&quot;:&quot;classic&quot;}\">\n\t\t\t<div class=\"elementor-widget-wrap elementor-element-populated\">\n\t\t\t\t\t\t<div class=\"elementor-element elementor-element-6425975 elementor-widget__width-auto elementor-absolute elementor-widget elementor-widget-pbmit_icon_heading\" data-id=\"6425975\" data-element_type=\"widget\" data-e-type=\"widget\" data-settings=\"{&quot;_position&quot;:&quot;absolute&quot;}\" data-widget_type=\"pbmit_icon_heading.default\">\n\t\t\t\t<div class=\"elementor-widget-container\">\n\t\t\t\t\t<div class=\"pbmit-ihbox pbmit-ihbox-style-43\"><div class=\"pbmit-ihbox-headingicon\">\r\n\t<div class=\"pbmit-ihbox-wrap\">\r\n\t\t<div class=\"pbmit-ihbox-icon\"><div class=\"pbmit-ihbox-icon-wrapper pbmit-ihbox-icon-type-icon\"><div class=\"pbmit-icon-wrapper pbmit-icon-type-icon\"><i class=\"pbmit-xcare-icon pbmit-xcare-icon-doctor\"><\/i><\/div><\/div><\/div>\t\t<div class=\"pbmit-ihbox-contents\">\r\n\t\t\t\t\t\t<h2 class=\"pbmit-element-title\">Your smile <br> Start today<\/h2>\t\r\n\t\t\t\t\t\t\t\t\t\t\t<\/div><!-- .pbmit-ihbox-contents -->\r\n\t<\/div>\r\n\t<div class=\"pbmit-sticky-corner  pbmit-bottom-left-corner\">\r\n\t\t<svg width=\"30\" height=\"30\" viewbox=\"0 0 30 30\" xmlns=\"http:\/\/www.w3.org\/2000\/svg\">\r\n\t\t\t<path d=\"M30 30V0C30 16 16 30 0 30H30Z\"><\/path>\r\n\t\t<\/svg>\r\n\t<\/div>\r\n\t<div class=\"pbmit-sticky-corner pbmit-top-right-corner\">\r\n\t\t<svg width=\"30\" height=\"30\" viewbox=\"0 0 30 30\" xmlns=\"http:\/\/www.w3.org\/2000\/svg\">\r\n\t\t\t<path d=\"M30 30V0C30 16 16 30 0 30H30Z\"><\/path>\r\n\t\t<\/svg>\r\n\t<\/div>\r\n<\/div><\/div>\t\t\t\t<\/div>\n\t\t\t\t<\/div>\n\t\t\t\t\t<\/div>\n\t\t<\/div>\n\t\t\t\t<div class=\"elementor-column elementor-col-50 elementor-top-column elementor-element elementor-element-9805562 pbmit-bg-color-over-image\" data-id=\"9805562\" data-element_type=\"column\" data-e-type=\"column\">\n\t\t\t<div class=\"elementor-widget-wrap elementor-element-populated\">\n\t\t\t\t\t\t<div class=\"elementor-element elementor-element-6db5834 elementor-widget elementor-widget-pbmit_heading\" data-id=\"6db5834\" data-element_type=\"widget\" data-e-type=\"widget\" data-widget_type=\"pbmit_heading.default\">\n\t\t\t\t<div class=\"elementor-widget-container\">\n\t\t\t\t\t <div class=\"pbmit-heading-subheading pbmit-heading-subheading-style-2 pbmit-reverse-heading-yes animation-style2\"><div class=\"pbmit-hs-left\"><h2 class=\"pbmit-element-title\">\r\n\t\t\t\t\r\n\t\t\t\t\tAbout us\r\n\t\t\t\t\r\n\t\t\t\t<\/h2>\r\n\t\t\t<\/div><div class=\"pbmit-hs-right\"><div class=\"pbmit-heading-desc\"><p>At Sinowei Dental Clinic, we firmly believe that our patients come first. For us, it is essential that every patient receives exceptional dental care. We have a highly skilled team of specialists across various fields of dentistry, equipped with the latest technology and the most advanced treatments available. <br>\n\n<br>We offer free online consultations and a free initial consultation, which includes a comprehensive oral health examination. We design personalized, high-quality treatment plans tailored to your unique needs.<br>\n\n<br>We're here to solve your oral problems and take care of your smile!<\/p><\/div><\/div><\/div>\t\t\t\t<\/div>\n\t\t\t\t<\/div>\n\t\t\t\t<section class=\"elementor-section elementor-inner-section elementor-element elementor-element-a8151e1 pbmit-col-stretched-none pbmit-bg-color-over-image elementor-section-boxed elementor-section-height-default elementor-section-height-default\" data-id=\"a8151e1\" data-element_type=\"section\" data-e-type=\"section\">\n\t\t\t\t\t\t<div class=\"elementor-container elementor-column-gap-no\">\n\t\t\t\t\t<div class=\"elementor-column elementor-col-50 elementor-inner-column elementor-element elementor-element-cecfc34 pbmit-bg-color-over-image\" data-id=\"cecfc34\" data-element_type=\"column\" data-e-type=\"column\">\n\t\t\t<div class=\"elementor-widget-wrap elementor-element-populated\">\n\t\t\t\t\t\t<div class=\"elementor-element elementor-element-df69b81 elementor-widget-laptop__width-initial elementor-widget elementor-widget-pbmit_icon_heading\" data-id=\"df69b81\" data-element_type=\"widget\" data-e-type=\"widget\" data-widget_type=\"pbmit_icon_heading.default\">\n\t\t\t\t<div class=\"elementor-widget-container\">\n\t\t\t\t\t<div class=\"pbmit-ihbox pbmit-ihbox-style-44\"><div class=\"pbmit-ihbox-headingicon\">\r\n\t<div class=\"pbmit-ihbox-icon\"><div class=\"pbmit-ihbox-icon-wrapper pbmit-ihbox-icon-type-icon\"><div class=\"pbmit-icon-wrapper pbmit-icon-type-icon\"><i class=\"pbmit-xcare-icon pbmit-xcare-icon-medicine-1\"><\/i><\/div><\/div><\/div>\t<div class=\"pbmit-ihbox-contents\">\r\n\t\t\t\t\t\r\n\t\t<h2 class=\"pbmit-element-title\">Personalized care<\/h2>\t\t\r\n\t\t<div class=\"pbmit-heading-desc\">We listen to your needs and design the appropriate treatment for you.<\/div>\t\t\t<\/div><!-- .pbmit-ihbox-contents -->\r\n<\/div><\/div>\t\t\t\t<\/div>\n\t\t\t\t<\/div>\n\t\t\t\t\t<\/div>\n\t\t<\/div>\n\t\t\t\t<div class=\"elementor-column elementor-col-50 elementor-inner-column elementor-element elementor-element-40e714a pbmit-bg-color-over-image\" data-id=\"40e714a\" data-element_type=\"column\" data-e-type=\"column\">\n\t\t\t<div class=\"elementor-widget-wrap elementor-element-populated\">\n\t\t\t\t\t\t<div class=\"elementor-element elementor-element-49dff48 elementor-widget-laptop__width-initial elementor-widget elementor-widget-pbmit_icon_heading\" data-id=\"49dff48\" data-element_type=\"widget\" data-e-type=\"widget\" data-widget_type=\"pbmit_icon_heading.default\">\n\t\t\t\t<div class=\"elementor-widget-container\">\n\t\t\t\t\t<div class=\"pbmit-ihbox pbmit-ihbox-style-44\"><div class=\"pbmit-ihbox-headingicon\">\r\n\t<div class=\"pbmit-ihbox-icon\"><div class=\"pbmit-ihbox-icon-wrapper pbmit-ihbox-icon-type-icon\"><div class=\"pbmit-icon-wrapper pbmit-icon-type-icon\"><i class=\"pbmit-xcare-icon pbmit-xcare-icon-gesundheit-1\"><\/i><\/div><\/div><\/div>\t<div class=\"pbmit-ihbox-contents\">\r\n\t\t\t\t\t\r\n\t\t<h2 class=\"pbmit-element-title\">Prompt dental care<\/h2>\t\t\r\n\t\t<div class=\"pbmit-heading-desc\">We manage your appointment quickly to minimize your waiting time.<\/div>\t\t\t<\/div><!-- .pbmit-ihbox-contents -->\r\n<\/div><\/div>\t\t\t\t<\/div>\n\t\t\t\t<\/div>\n\t\t\t\t\t<\/div>\n\t\t<\/div>\n\t\t\t\t\t<\/div>\n\t\t<\/section>\n\t\t\t\t\t<\/div>\n\t\t<\/div>\n\t\t\t\t\t<\/div>\n\t\t<\/section>\n\t\t\t\t<\/div>","protected":false},"excerpt":{"rendered":"<p>Su sonrisa comienza hoy Sobre nosotros En la Cl\u00ednica Dental Sinowei tenemos muy claro que el paciente es nuestra prioridad. Para nosotros, es esencial que nuestros pacientes reciban una atenci\u00f3n bucodental excelente. Contamos con un amplio equipo de especialistas en diferentes \u00e1reas de odontolog\u00eda, equipados con la \u00faltima tecnolog\u00eda y los tratamientos m\u00e1s avanzados. Ofrecemos [&hellip;]<\/p>","protected":false},"author":1,"featured_media":0,"parent":0,"menu_order":1,"comment_status":"closed","ping_status":"closed","template":"","meta":{"_acf_changed":false,"inline_featured_image":false,"footnotes":""},"class_list":["post-71","page","type-page","status-publish","hentry"],"acf":[],"yoast_head":"<!-- This site is optimized with the Yoast SEO plugin v25.1 - https:\/\/yoast.com\/wordpress\/plugins\/seo\/ -->\n<title>Cl\u00ednica Dental Sinowei - Palma de Mallorca | \u534e\u5a01\u7259\u79d1 - \u9a6c\u7565\u5361\u5e15\u5c14\u9a6c\u534e\u4eba\u7259\u79d1\u8bca\u6240<\/title>\n<meta name=\"description\" content=\"Bienvenidos a Cl\u00ednica Dental Sinowei (\u534e\u5a01\u7259\u79d1), su centro de confianza para el cuidado de su salud bucodental. Tenemos muy claro que el paciente es nuestra prioridad. Para nosotros, es esencial que nuestros pacientes reciban una atenci\u00f3n bucodental excelente. Ofrecemos revisiones y diagn\u00f3sticos, junto con las pruebas necesarias, sin coste ni compromiso. Adem\u00e1s, entendemos la importancia de una comunicaci\u00f3n clara: hablamos espa\u00f1ol, ingl\u00e9s y chino, garantizando que todos nuestros pacientes se sientan comprendidos y bien atendidos.En nuestra cl\u00ednica dental ofrecemos diversos tratamientos para cuidar tu salud bucal y mejorar tu sonrisa. Limpieza dental. Est\u00e9tica dental. Implantes. Pr\u00f3tesis dentales. Ortodoncia. Odontopediatr\u00eda, etc...Nuestra cl\u00ednica dental se encuentra en Pla\u00e7a Francesc Garc\u00eda i Orell, n\u00ba 6, Palma de Mallorca. a pocos pasos de la Pla\u00e7a Pere Garau (\u9a6c\u7565\u5361\u5e15\u5c14\u9a6c-\u6d77\u76d7\u5e02\u573a\u6b65\u884c\u5373\u8fbe). Estamos aqu\u00ed para resolver tus problemas bucales y cuidar de tu sonrisa. Su salud dental, nuestra prioridad.\" \/>\n<meta name=\"robots\" content=\"index, follow, max-snippet:-1, max-image-preview:large, max-video-preview:-1\" \/>\n<link rel=\"canonical\" href=\"https:\/\/sinoweidental.com\/en_gb\/about-us-2\/\" \/>\n<meta property=\"og:locale\" content=\"en_GB\" \/>\n<meta property=\"og:type\" content=\"article\" \/>\n<meta property=\"og:title\" content=\"Cl\u00ednica Dental Sinowei - Palma de Mallorca | \u534e\u5a01\u7259\u79d1 - \u9a6c\u7565\u5361\u5e15\u5c14\u9a6c\u534e\u4eba\u7259\u79d1\u8bca\u6240\" \/>\n<meta property=\"og:description\" content=\"Bienvenidos a Cl\u00ednica Dental Sinowei (\u534e\u5a01\u7259\u79d1), su centro de confianza para el cuidado de su salud bucodental. Tenemos muy claro que el paciente es nuestra prioridad. Para nosotros, es esencial que nuestros pacientes reciban una atenci\u00f3n bucodental excelente. Ofrecemos revisiones y diagn\u00f3sticos, junto con las pruebas necesarias, sin coste ni compromiso. Adem\u00e1s, entendemos la importancia de una comunicaci\u00f3n clara: hablamos espa\u00f1ol, ingl\u00e9s y chino, garantizando que todos nuestros pacientes se sientan comprendidos y bien atendidos.En nuestra cl\u00ednica dental ofrecemos diversos tratamientos para cuidar tu salud bucal y mejorar tu sonrisa. Limpieza dental. Est\u00e9tica dental. Implantes. Pr\u00f3tesis dentales. Ortodoncia. Odontopediatr\u00eda, etc...Nuestra cl\u00ednica dental se encuentra en Pla\u00e7a Francesc Garc\u00eda i Orell, n\u00ba 6, Palma de Mallorca. a pocos pasos de la Pla\u00e7a Pere Garau (\u9a6c\u7565\u5361\u5e15\u5c14\u9a6c-\u6d77\u76d7\u5e02\u573a\u6b65\u884c\u5373\u8fbe). Estamos aqu\u00ed para resolver tus problemas bucales y cuidar de tu sonrisa. Su salud dental, nuestra prioridad.\" \/>\n<meta property=\"og:url\" content=\"https:\/\/sinoweidental.com\/en_gb\/about-us-2\/\" \/>\n<meta property=\"og:site_name\" content=\"Cl\u00ednica Dental Sinowei\" \/>\n<meta property=\"article:modified_time\" content=\"2025-05-07T17:08:30+00:00\" \/>\n<meta property=\"og:image\" content=\"https:\/\/sinoweidental.com\/wp-content\/uploads\/2025\/01\/\u5b9a\u7a3f.png\" \/>\n\t<meta property=\"og:image:width\" content=\"3077\" \/>\n\t<meta property=\"og:image:height\" content=\"1185\" \/>\n\t<meta property=\"og:image:type\" content=\"image\/png\" \/>\n<meta name=\"twitter:card\" content=\"summary_large_image\" \/>\n<meta name=\"twitter:label1\" content=\"Estimated reading time\" \/>\n\t<meta name=\"twitter:data1\" content=\"1 minute\" \/>\n<script type=\"application\/ld+json\" class=\"yoast-schema-graph\">{\"@context\":\"https:\/\/schema.org\",\"@graph\":[{\"@type\":\"WebPage\",\"@id\":\"https:\/\/sinoweidental.com\/about-us-2\/\",\"url\":\"https:\/\/sinoweidental.com\/about-us-2\/\",\"name\":\"Cl\u00ednica Dental Sinowei - Palma de Mallorca | \u534e\u5a01\u7259\u79d1 - \u9a6c\u7565\u5361\u5e15\u5c14\u9a6c\u534e\u4eba\u7259\u79d1\u8bca\u6240\",\"isPartOf\":{\"@id\":\"https:\/\/sinoweidental.com\/#website\"},\"datePublished\":\"2024-10-08T06:39:08+00:00\",\"dateModified\":\"2025-05-07T17:08:30+00:00\",\"description\":\"Bienvenidos a Cl\u00ednica Dental Sinowei (\u534e\u5a01\u7259\u79d1), su centro de confianza para el cuidado de su salud bucodental. Tenemos muy claro que el paciente es nuestra prioridad. Para nosotros, es esencial que nuestros pacientes reciban una atenci\u00f3n bucodental excelente. Ofrecemos revisiones y diagn\u00f3sticos, junto con las pruebas necesarias, sin coste ni compromiso. Adem\u00e1s, entendemos la importancia de una comunicaci\u00f3n clara: hablamos espa\u00f1ol, ingl\u00e9s y chino, garantizando que todos nuestros pacientes se sientan comprendidos y bien atendidos.En nuestra cl\u00ednica dental ofrecemos diversos tratamientos para cuidar tu salud bucal y mejorar tu sonrisa. Limpieza dental. Est\u00e9tica dental. Implantes. Pr\u00f3tesis dentales. Ortodoncia. Odontopediatr\u00eda, etc...Nuestra cl\u00ednica dental se encuentra en Pla\u00e7a Francesc Garc\u00eda i Orell, n\u00ba 6, Palma de Mallorca. a pocos pasos de la Pla\u00e7a Pere Garau (\u9a6c\u7565\u5361\u5e15\u5c14\u9a6c-\u6d77\u76d7\u5e02\u573a\u6b65\u884c\u5373\u8fbe). Estamos aqu\u00ed para resolver tus problemas bucales y cuidar de tu sonrisa. Su salud dental, nuestra prioridad.\",\"breadcrumb\":{\"@id\":\"https:\/\/sinoweidental.com\/about-us-2\/#breadcrumb\"},\"inLanguage\":\"en-GB\",\"potentialAction\":[{\"@type\":\"ReadAction\",\"target\":[\"https:\/\/sinoweidental.com\/about-us-2\/\"]}]},{\"@type\":\"BreadcrumbList\",\"@id\":\"https:\/\/sinoweidental.com\/about-us-2\/#breadcrumb\",\"itemListElement\":[{\"@type\":\"ListItem\",\"position\":1,\"name\":\"Portada\",\"item\":\"https:\/\/sinoweidental.com\/\"},{\"@type\":\"ListItem\",\"position\":2,\"name\":\"Sobre nosotros\"}]},{\"@type\":\"WebSite\",\"@id\":\"https:\/\/sinoweidental.com\/#website\",\"url\":\"https:\/\/sinoweidental.com\/\",\"name\":\"Cl\u00ednica Dental Sinowei - Palma de Mallorca | \u534e\u5a01\u7259\u79d1 - \u9a6c\u7565\u5361\u5e15\u5c14\u9a6c\u534e\u4eba\u7259\u79d1\u8bca\u6240\",\"description\":\"Bienvenidos a Cl\u00ednica Dental Sinowei (\u534e\u5a01\u7259\u79d1), su centro de confianza para el cuidado de su salud bucodental. Tenemos muy claro que el paciente es nuestra prioridad. Para nosotros, es esencial que nuestros pacientes reciban una atenci\u00f3n bucodental excelente.   Ofrecemos revisiones y diagn\u00f3sticos, junto con las pruebas necesarias, sin coste ni compromiso. Adem\u00e1s, entendemos la importancia de una comunicaci\u00f3n clara: hablamos espa\u00f1ol, ingl\u00e9s y chino, garantizando que todos nuestros pacientes se sientan comprendidos y bien atendidos.  En nuestra cl\u00ednica dental ofrecemos diversos tratamientos para cuidar tu salud bucal y mejorar tu sonrisa. Limpieza dental. Est\u00e9tica dental. Implantes. Pr\u00f3tesis dentales. Ortodoncia. Odontopediatr\u00eda, etc...  Nuestra cl\u00ednica dental se encuentra en Pla\u00e7a Francesc Garc\u00eda i Orell, n\u00ba 6, Palma de Mallorca. a pocos pasos de la Pla\u00e7a Pere Garau (\u9a6c\u7565\u5361\u5e15\u5c14\u9a6c-\u6d77\u76d7\u5e02\u573a\u6b65\u884c\u5373\u8fbe). Estamos aqu\u00ed para resolver tus problemas bucales y cuidar de tu sonrisa. Su salud dental, nuestra prioridad.\",\"publisher\":{\"@id\":\"https:\/\/sinoweidental.com\/#organization\"},\"alternateName\":\"Cl\u00ednica Dental Sinowei - Palma de Mallorca | \u534e\u5a01\u7259\u79d1 - \u9a6c\u7565\u5361\u5e15\u5c14\u9a6c\u534e\u4eba\u7259\u79d1\u8bca\u6240\",\"potentialAction\":[{\"@type\":\"SearchAction\",\"target\":{\"@type\":\"EntryPoint\",\"urlTemplate\":\"https:\/\/sinoweidental.com\/?s={search_term_string}\"},\"query-input\":{\"@type\":\"PropertyValueSpecification\",\"valueRequired\":true,\"valueName\":\"search_term_string\"}}],\"inLanguage\":\"en-GB\"},{\"@type\":\"Organization\",\"@id\":\"https:\/\/sinoweidental.com\/#organization\",\"name\":\"Cl\u00ednica Dental Sinowei - Palma de Mallorca | \u534e\u5a01\u7259\u79d1 - \u9a6c\u7565\u5361\u5e15\u5c14\u9a6c\u534e\u4eba\u7259\u79d1\u8bca\u6240\",\"alternateName\":\"Cl\u00ednica Dental Sinowei - Palma de Mallorca | \u534e\u5a01\u7259\u79d1 - \u9a6c\u7565\u5361\u5e15\u5c14\u9a6c\u534e\u4eba\u7259\u79d1\u8bca\u6240\",\"url\":\"https:\/\/sinoweidental.com\/\",\"logo\":{\"@type\":\"ImageObject\",\"inLanguage\":\"en-GB\",\"@id\":\"https:\/\/sinoweidental.com\/#\/schema\/logo\/image\/\",\"url\":\"https:\/\/sinoweidental.com\/wp-content\/uploads\/2025\/01\/favicon.png\",\"contentUrl\":\"https:\/\/sinoweidental.com\/wp-content\/uploads\/2025\/01\/favicon.png\",\"width\":692,\"height\":692,\"caption\":\"Cl\u00ednica Dental Sinowei - Palma de Mallorca | \u534e\u5a01\u7259\u79d1 - \u9a6c\u7565\u5361\u5e15\u5c14\u9a6c\u534e\u4eba\u7259\u79d1\u8bca\u6240\"},\"image\":{\"@id\":\"https:\/\/sinoweidental.com\/#\/schema\/logo\/image\/\"}}]}<\/script>\n<!-- \/ Yoast SEO plugin. -->","yoast_head_json":{"title":"Cl\u00ednica Dental Sinowei - Palma de Mallorca | \u534e\u5a01\u7259\u79d1 - \u9a6c\u7565\u5361\u5e15\u5c14\u9a6c\u534e\u4eba\u7259\u79d1\u8bca\u6240","description":"Bienvenidos a Cl\u00ednica Dental Sinowei (\u534e\u5a01\u7259\u79d1), su centro de confianza para el cuidado de su salud bucodental. Tenemos muy claro que el paciente es nuestra prioridad. Para nosotros, es esencial que nuestros pacientes reciban una atenci\u00f3n bucodental excelente. Ofrecemos revisiones y diagn\u00f3sticos, junto con las pruebas necesarias, sin coste ni compromiso. Adem\u00e1s, entendemos la importancia de una comunicaci\u00f3n clara: hablamos espa\u00f1ol, ingl\u00e9s y chino, garantizando que todos nuestros pacientes se sientan comprendidos y bien atendidos.En nuestra cl\u00ednica dental ofrecemos diversos tratamientos para cuidar tu salud bucal y mejorar tu sonrisa. Limpieza dental. Est\u00e9tica dental. Implantes. Pr\u00f3tesis dentales. Ortodoncia. Odontopediatr\u00eda, etc...Nuestra cl\u00ednica dental se encuentra en Pla\u00e7a Francesc Garc\u00eda i Orell, n\u00ba 6, Palma de Mallorca. a pocos pasos de la Pla\u00e7a Pere Garau (\u9a6c\u7565\u5361\u5e15\u5c14\u9a6c-\u6d77\u76d7\u5e02\u573a\u6b65\u884c\u5373\u8fbe). Estamos aqu\u00ed para resolver tus problemas bucales y cuidar de tu sonrisa. Su salud dental, nuestra prioridad.","robots":{"index":"index","follow":"follow","max-snippet":"max-snippet:-1","max-image-preview":"max-image-preview:large","max-video-preview":"max-video-preview:-1"},"canonical":"https:\/\/sinoweidental.com\/en_gb\/about-us-2\/","og_locale":"en_GB","og_type":"article","og_title":"Cl\u00ednica Dental Sinowei - Palma de Mallorca | \u534e\u5a01\u7259\u79d1 - \u9a6c\u7565\u5361\u5e15\u5c14\u9a6c\u534e\u4eba\u7259\u79d1\u8bca\u6240","og_description":"Bienvenidos a Cl\u00ednica Dental Sinowei (\u534e\u5a01\u7259\u79d1), su centro de confianza para el cuidado de su salud bucodental. Tenemos muy claro que el paciente es nuestra prioridad. Para nosotros, es esencial que nuestros pacientes reciban una atenci\u00f3n bucodental excelente. Ofrecemos revisiones y diagn\u00f3sticos, junto con las pruebas necesarias, sin coste ni compromiso. Adem\u00e1s, entendemos la importancia de una comunicaci\u00f3n clara: hablamos espa\u00f1ol, ingl\u00e9s y chino, garantizando que todos nuestros pacientes se sientan comprendidos y bien atendidos.En nuestra cl\u00ednica dental ofrecemos diversos tratamientos para cuidar tu salud bucal y mejorar tu sonrisa. Limpieza dental. Est\u00e9tica dental. Implantes. Pr\u00f3tesis dentales. Ortodoncia. Odontopediatr\u00eda, etc...Nuestra cl\u00ednica dental se encuentra en Pla\u00e7a Francesc Garc\u00eda i Orell, n\u00ba 6, Palma de Mallorca. a pocos pasos de la Pla\u00e7a Pere Garau (\u9a6c\u7565\u5361\u5e15\u5c14\u9a6c-\u6d77\u76d7\u5e02\u573a\u6b65\u884c\u5373\u8fbe). Estamos aqu\u00ed para resolver tus problemas bucales y cuidar de tu sonrisa. Su salud dental, nuestra prioridad.","og_url":"https:\/\/sinoweidental.com\/en_gb\/about-us-2\/","og_site_name":"Cl\u00ednica Dental Sinowei","article_modified_time":"2025-05-07T17:08:30+00:00","og_image":[{"width":3077,"height":1185,"url":"https:\/\/sinoweidental.com\/wp-content\/uploads\/2025\/01\/\u5b9a\u7a3f.png","type":"image\/png"}],"twitter_card":"summary_large_image","twitter_misc":{"Estimated reading time":"1 minute"},"schema":{"@context":"https:\/\/schema.org","@graph":[{"@type":"WebPage","@id":"https:\/\/sinoweidental.com\/about-us-2\/","url":"https:\/\/sinoweidental.com\/about-us-2\/","name":"Cl\u00ednica Dental Sinowei - Palma de Mallorca | \u534e\u5a01\u7259\u79d1 - \u9a6c\u7565\u5361\u5e15\u5c14\u9a6c\u534e\u4eba\u7259\u79d1\u8bca\u6240","isPartOf":{"@id":"https:\/\/sinoweidental.com\/#website"},"datePublished":"2024-10-08T06:39:08+00:00","dateModified":"2025-05-07T17:08:30+00:00","description":"Bienvenidos a Cl\u00ednica Dental Sinowei (\u534e\u5a01\u7259\u79d1), su centro de confianza para el cuidado de su salud bucodental. Tenemos muy claro que el paciente es nuestra prioridad. Para nosotros, es esencial que nuestros pacientes reciban una atenci\u00f3n bucodental excelente. Ofrecemos revisiones y diagn\u00f3sticos, junto con las pruebas necesarias, sin coste ni compromiso. Adem\u00e1s, entendemos la importancia de una comunicaci\u00f3n clara: hablamos espa\u00f1ol, ingl\u00e9s y chino, garantizando que todos nuestros pacientes se sientan comprendidos y bien atendidos.En nuestra cl\u00ednica dental ofrecemos diversos tratamientos para cuidar tu salud bucal y mejorar tu sonrisa. Limpieza dental. Est\u00e9tica dental. Implantes. Pr\u00f3tesis dentales. Ortodoncia. Odontopediatr\u00eda, etc...Nuestra cl\u00ednica dental se encuentra en Pla\u00e7a Francesc Garc\u00eda i Orell, n\u00ba 6, Palma de Mallorca. a pocos pasos de la Pla\u00e7a Pere Garau (\u9a6c\u7565\u5361\u5e15\u5c14\u9a6c-\u6d77\u76d7\u5e02\u573a\u6b65\u884c\u5373\u8fbe). Estamos aqu\u00ed para resolver tus problemas bucales y cuidar de tu sonrisa. Su salud dental, nuestra prioridad.","breadcrumb":{"@id":"https:\/\/sinoweidental.com\/about-us-2\/#breadcrumb"},"inLanguage":"en-GB","potentialAction":[{"@type":"ReadAction","target":["https:\/\/sinoweidental.com\/about-us-2\/"]}]},{"@type":"BreadcrumbList","@id":"https:\/\/sinoweidental.com\/about-us-2\/#breadcrumb","itemListElement":[{"@type":"ListItem","position":1,"name":"Portada","item":"https:\/\/sinoweidental.com\/"},{"@type":"ListItem","position":2,"name":"Sobre nosotros"}]},{"@type":"WebSite","@id":"https:\/\/sinoweidental.com\/#website","url":"https:\/\/sinoweidental.com\/","name":"Cl\u00ednica Dental Sinowei - Palma de Mallorca | \u534e\u5a01\u7259\u79d1 - \u9a6c\u7565\u5361\u5e15\u5c14\u9a6c\u534e\u4eba\u7259\u79d1\u8bca\u6240","description":"Bienvenidos a Cl\u00ednica Dental Sinowei (\u534e\u5a01\u7259\u79d1), su centro de confianza para el cuidado de su salud bucodental. Tenemos muy claro que el paciente es nuestra prioridad. Para nosotros, es esencial que nuestros pacientes reciban una atenci\u00f3n bucodental excelente.   Ofrecemos revisiones y diagn\u00f3sticos, junto con las pruebas necesarias, sin coste ni compromiso. Adem\u00e1s, entendemos la importancia de una comunicaci\u00f3n clara: hablamos espa\u00f1ol, ingl\u00e9s y chino, garantizando que todos nuestros pacientes se sientan comprendidos y bien atendidos.  En nuestra cl\u00ednica dental ofrecemos diversos tratamientos para cuidar tu salud bucal y mejorar tu sonrisa. Limpieza dental. Est\u00e9tica dental. Implantes. Pr\u00f3tesis dentales. Ortodoncia. Odontopediatr\u00eda, etc...  Nuestra cl\u00ednica dental se encuentra en Pla\u00e7a Francesc Garc\u00eda i Orell, n\u00ba 6, Palma de Mallorca. a pocos pasos de la Pla\u00e7a Pere Garau (\u9a6c\u7565\u5361\u5e15\u5c14\u9a6c-\u6d77\u76d7\u5e02\u573a\u6b65\u884c\u5373\u8fbe). Estamos aqu\u00ed para resolver tus problemas bucales y cuidar de tu sonrisa. Su salud dental, nuestra prioridad.","publisher":{"@id":"https:\/\/sinoweidental.com\/#organization"},"alternateName":"Cl\u00ednica Dental Sinowei - Palma de Mallorca | \u534e\u5a01\u7259\u79d1 - \u9a6c\u7565\u5361\u5e15\u5c14\u9a6c\u534e\u4eba\u7259\u79d1\u8bca\u6240","potentialAction":[{"@type":"SearchAction","target":{"@type":"EntryPoint","urlTemplate":"https:\/\/sinoweidental.com\/?s={search_term_string}"},"query-input":{"@type":"PropertyValueSpecification","valueRequired":true,"valueName":"search_term_string"}}],"inLanguage":"en-GB"},{"@type":"Organization","@id":"https:\/\/sinoweidental.com\/#organization","name":"Cl\u00ednica Dental Sinowei - Palma de Mallorca | \u534e\u5a01\u7259\u79d1 - \u9a6c\u7565\u5361\u5e15\u5c14\u9a6c\u534e\u4eba\u7259\u79d1\u8bca\u6240","alternateName":"Cl\u00ednica Dental Sinowei - Palma de Mallorca | \u534e\u5a01\u7259\u79d1 - \u9a6c\u7565\u5361\u5e15\u5c14\u9a6c\u534e\u4eba\u7259\u79d1\u8bca\u6240","url":"https:\/\/sinoweidental.com\/","logo":{"@type":"ImageObject","inLanguage":"en-GB","@id":"https:\/\/sinoweidental.com\/#\/schema\/logo\/image\/","url":"https:\/\/sinoweidental.com\/wp-content\/uploads\/2025\/01\/favicon.png","contentUrl":"https:\/\/sinoweidental.com\/wp-content\/uploads\/2025\/01\/favicon.png","width":692,"height":692,"caption":"Cl\u00ednica Dental Sinowei - Palma de Mallorca | \u534e\u5a01\u7259\u79d1 - \u9a6c\u7565\u5361\u5e15\u5c14\u9a6c\u534e\u4eba\u7259\u79d1\u8bca\u6240"},"image":{"@id":"https:\/\/sinoweidental.com\/#\/schema\/logo\/image\/"}}]}},"_links":{"self":[{"href":"https:\/\/sinoweidental.com\/en_gb\/wp-json\/wp\/v2\/pages\/71","targetHints":{"allow":["GET"]}}],"collection":[{"href":"https:\/\/sinoweidental.com\/en_gb\/wp-json\/wp\/v2\/pages"}],"about":[{"href":"https:\/\/sinoweidental.com\/en_gb\/wp-json\/wp\/v2\/types\/page"}],"author":[{"embeddable":true,"href":"https:\/\/sinoweidental.com\/en_gb\/wp-json\/wp\/v2\/users\/1"}],"replies":[{"embeddable":true,"href":"https:\/\/sinoweidental.com\/en_gb\/wp-json\/wp\/v2\/comments?post=71"}],"version-history":[{"count":69,"href":"https:\/\/sinoweidental.com\/en_gb\/wp-json\/wp\/v2\/pages\/71\/revisions"}],"predecessor-version":[{"id":3309,"href":"https:\/\/sinoweidental.com\/en_gb\/wp-json\/wp\/v2\/pages\/71\/revisions\/3309"}],"wp:attachment":[{"href":"https:\/\/sinoweidental.com\/en_gb\/wp-json\/wp\/v2\/media?parent=71"}],"curies":[{"name":"wp","href":"https:\/\/api.w.org\/{rel}","templated":true}]}}